{"id":2444,"date":"2024-06-13T08:46:05","date_gmt":"2024-06-13T06:46:05","guid":{"rendered":"https:\/\/www.lare.si\/borsa-luminosa\/"},"modified":"2024-11-05T13:14:38","modified_gmt":"2024-11-05T12:14:38","slug":"borsa-per-laptop-luminosa","status":"publish","type":"product","link":"https:\/\/www.lare.si\/it\/prodotto\/borsa-per-laptop-luminosa\/","title":{"rendered":"Borsa Luminosa"},"content":{"rendered":"","protected":false},"excerpt":{"rendered":"<p>La borsa per laptop Luminosa ha un motivo a serpente bordeaux. Il colore bordeaux \u00e8 sinonimo di eleganza e stile, poich\u00e9 \u00e8 una tonalit\u00e0 profonda e raffinata. La borsa \u00e8 adatta sia per occasioni di lavoro che per eventi sociali. La sua particolarit\u00e0 \u00e8 una grande tasca imbottita con chiusura di sicurezza, adatta per un laptop da 15&#8243;. Le dimensioni della borsa e il numero di tasche sono perfetti per una #chicbossdonna, una donna che, nonostante l&#8217;agenda piena, desidera apparire elegante e sofisticata.    <\/p>\n<h5>Informazioni sul prodotto &#8211; borsa per laptop Luminosa:<\/h5>\n<ul>\n<li>materiale: pelle ecologica<\/li>\n<li>motivo: <strong>serpente<\/strong><\/li>\n<li>colore: bordeaux<\/li>\n<li>dimensioni: 33 (altezza) x 45 (lunghezza) x 15 (profondit\u00e0)<\/li>\n<li>grande tasca centrale<\/li>\n<li>tasca imbottita aggiuntiva per laptop<\/li>\n<li>manici lunghe per trasportare a spalla (32 cm)<\/li>\n<li>piccola tasca con zip sul lato esterno<\/li>\n<li>2 tasche interne pi\u00f9 piccole<\/li>\n<li>realizzato nell&#8217;<strong>UE<\/strong><\/li>\n<\/ul>\n","protected":false},"featured_media":2140,"template":"","meta":{"inline_featured_image":false,"site-sidebar-layout":"default","site-content-layout":"","ast-site-content-layout":"default","site-content-style":"default","site-sidebar-style":"default","ast-global-header-display":"","ast-banner-title-visibility":"","ast-main-header-display":"","ast-hfb-above-header-display":"","ast-hfb-below-header-display":"","ast-hfb-mobile-header-display":"","site-post-title":"","ast-breadcrumbs-content":"","ast-featured-img":"","footer-sml-layout":"","ast-disable-related-posts":"","theme-transparent-header-meta":"default","adv-header-id-meta":"","stick-header-meta":"","header-above-stick-meta":"","header-main-stick-meta":"","header-below-stick-meta":"","astra-migrate-meta-layouts":"set","ast-page-background-enabled":"default","ast-page-background-meta":{"desktop":{"background-color":"var(--ast-global-color-4)","background-image":"","background-repeat":"repeat","background-position":"center center","background-size":"auto","background-attachment":"scroll","background-type":"","background-media":"","overlay-type":"","overlay-color":"","overlay-opacity":"","overlay-gradient":""},"tablet":{"background-color":"","background-image":"","background-repeat":"repeat","background-position":"center center","background-size":"auto","background-attachment":"scroll","background-type":"","background-media":"","overlay-type":"","overlay-color":"","overlay-opacity":"","overlay-gradient":""},"mobile":{"background-color":"","background-image":"","background-repeat":"repeat","background-position":"center center","background-size":"auto","background-attachment":"scroll","background-type":"","background-media":"","overlay-type":"","overlay-color":"","overlay-opacity":"","overlay-gradient":""}},"ast-content-background-meta":{"desktop":{"background-color":"var(--ast-global-color-5)","background-image":"","background-repeat":"repeat","background-position":"center center","background-size":"auto","background-attachment":"scroll","background-type":"","background-media":"","overlay-type":"","overlay-color":"","overlay-opacity":"","overlay-gradient":""},"tablet":{"background-color":"var(--ast-global-color-5)","background-image":"","background-repeat":"repeat","background-position":"center center","background-size":"auto","background-attachment":"scroll","background-type":"","background-media":"","overlay-type":"","overlay-color":"","overlay-opacity":"","overlay-gradient":""},"mobile":{"background-color":"var(--ast-global-color-5)","background-image":"","background-repeat":"repeat","background-position":"center center","background-size":"auto","background-attachment":"scroll","background-type":"","background-media":"","overlay-type":"","overlay-color":"","overlay-opacity":"","overlay-gradient":""}}},"product_brand":[],"product_cat":[133],"product_tag":[],"class_list":{"0":"post-2444","1":"product","2":"type-product","3":"status-publish","4":"has-post-thumbnail","6":"product_cat-collezione-elevate-elegance","7":"desktop-align-center","8":"tablet-align-center","9":"mobile-align-center","10":"ast-product-gallery-layout-horizontal","11":"ast-product-tabs-layout-horizontal","13":"first","14":"instock","15":"featured","16":"shipping-taxable","17":"purchasable","18":"product-type-simple"},"_links":{"self":[{"href":"https:\/\/www.lare.si\/it\/wp-json\/wp\/v2\/product\/2444","targetHints":{"allow":["GET"]}}],"collection":[{"href":"https:\/\/www.lare.si\/it\/wp-json\/wp\/v2\/product"}],"about":[{"href":"https:\/\/www.lare.si\/it\/wp-json\/wp\/v2\/types\/product"}],"version-history":[{"count":3,"href":"https:\/\/www.lare.si\/it\/wp-json\/wp\/v2\/product\/2444\/revisions"}],"predecessor-version":[{"id":2534,"href":"https:\/\/www.lare.si\/it\/wp-json\/wp\/v2\/product\/2444\/revisions\/2534"}],"wp:featuredmedia":[{"embeddable":true,"href":"https:\/\/www.lare.si\/it\/wp-json\/wp\/v2\/media\/2140"}],"wp:attachment":[{"href":"https:\/\/www.lare.si\/it\/wp-json\/wp\/v2\/media?parent=2444"}],"wp:term":[{"taxonomy":"product_brand","embeddable":true,"href":"https:\/\/www.lare.si\/it\/wp-json\/wp\/v2\/product_brand?post=2444"},{"taxonomy":"product_cat","embeddable":true,"href":"https:\/\/www.lare.si\/it\/wp-json\/wp\/v2\/product_cat?post=2444"},{"taxonomy":"product_tag","embeddable":true,"href":"https:\/\/www.lare.si\/it\/wp-json\/wp\/v2\/product_tag?post=2444"}],"curies":[{"name":"wp","href":"https:\/\/api.w.org\/{rel}","templated":true}]}}